{"id":3338,"date":"2024-05-21T13:10:27","date_gmt":"2024-05-21T13:10:27","guid":{"rendered":"https:\/\/investancia.com\/politica-de-salud-y-seguridad-en-el-trabajo-2\/"},"modified":"2024-05-21T13:10:27","modified_gmt":"2024-05-21T13:10:27","slug":"politica-de-salud-y-seguridad-en-el-trabajo-2","status":"publish","type":"page","link":"https:\/\/investancia.com\/es\/politica-de-salud-y-seguridad-en-el-trabajo-2\/","title":{"rendered":"Pol\u00edtica de salud y seguridad en el trabajo"},"content":{"rendered":"\t\t<div data-elementor-type=\"wp-page\" data-elementor-id=\"3338\" class=\"elementor elementor-3338 elementor-3106\" data-elementor-post-type=\"page\">\n\t\t\t\t\t\t<section class=\"elementor-section elementor-top-section elementor-element elementor-element-cb0e820 elementor-section-height-min-height elementor-section-items-bottom elementor-section-boxed elementor-section-height-default\" data-id=\"cb0e820\" data-element_type=\"section\" data-e-type=\"section\" data-settings=\"{&quot;background_background&quot;:&quot;classic&quot;}\">\n\t\t\t\t\t\t\t<div class=\"elementor-background-overlay\"><\/div>\n\t\t\t\t\t\t\t<div class=\"elementor-container elementor-column-gap-default\">\n\t\t\t\t\t<div class=\"elementor-column elementor-col-100 elementor-top-column elementor-element elementor-element-6142334\" data-id=\"6142334\" data-element_type=\"column\" data-e-type=\"column\">\n\t\t\t<div class=\"elementor-widget-wrap elementor-element-populated\">\n\t\t\t\t\t\t<div class=\"elementor-element elementor-element-e7618e5 elementor-widget__width-inherit elementor-widget elementor-widget-heading\" data-id=\"e7618e5\" data-element_type=\"widget\" data-e-type=\"widget\" data-widget_type=\"heading.default\">\n\t\t\t\t\t<h1 class=\"elementor-heading-title elementor-size-default\">Pol\u00edtica de salud y seguridad en el trabajo<\/h1>\t\t\t\t<\/div>\n\t\t\t\t\t<\/div>\n\t\t<\/div>\n\t\t\t\t\t<\/div>\n\t\t<\/section>\n\t\t\t\t<section class=\"elementor-section elementor-top-section elementor-element elementor-element-a3c62e0 elementor-section-boxed elementor-section-height-default elementor-section-height-default\" data-id=\"a3c62e0\" data-element_type=\"section\" data-e-type=\"section\">\n\t\t\t\t\t\t<div class=\"elementor-container elementor-column-gap-no\">\n\t\t\t\t\t<div class=\"elementor-column elementor-col-100 elementor-top-column elementor-element elementor-element-5e3b56f\" data-id=\"5e3b56f\" data-element_type=\"column\" data-e-type=\"column\">\n\t\t\t<div class=\"elementor-widget-wrap elementor-element-populated\">\n\t\t\t\t\t\t<div class=\"elementor-element elementor-element-b10623d elementor-widget elementor-widget-heading\" data-id=\"b10623d\" data-element_type=\"widget\" data-e-type=\"widget\" data-widget_type=\"heading.default\">\n\t\t\t\t\t<h3 class=\"elementor-heading-title elementor-size-default\">We are part of a business group dedicated to the reforestation and conservation of native forests that takes into account the protection of the health and safety of its employees.<\/h3>\t\t\t\t<\/div>\n\t\t\t\t<div class=\"elementor-element elementor-element-d521f82 elementor-widget elementor-widget-text-editor\" data-id=\"d521f82\" data-element_type=\"widget\" data-e-type=\"widget\" data-widget_type=\"text-editor.default\">\n\t\t\t\t\t\t\t\t\t<p>To this end, we make the following commitments:<\/p>\t\t\t\t\t\t\t\t<\/div>\n\t\t\t\t<div class=\"elementor-element elementor-element-13a7fab elementor-icon-list--layout-traditional elementor-list-item-link-full_width elementor-widget elementor-widget-icon-list\" data-id=\"13a7fab\" data-element_type=\"widget\" data-e-type=\"widget\" data-widget_type=\"icon-list.default\">\n\t\t\t\t\t\t\t<ul class=\"elementor-icon-list-items\">\n\t\t\t\t\t\t\t<li class=\"elementor-icon-list-item\">\n\t\t\t\t\t\t\t\t\t\t\t<span class=\"elementor-icon-list-icon\">\n\t\t\t\t\t\t\t<i aria-hidden=\"true\" class=\"fas fa-check-circle\"><\/i>\t\t\t\t\t\t<\/span>\n\t\t\t\t\t\t\t\t\t\t<span class=\"elementor-icon-list-text\">Eliminate or reduce risks, with particular emphasis on those generated by contact with nature, taking into account the preservation of the environment at all times.<\/span>\n\t\t\t\t\t\t\t\t\t<\/li>\n\t\t\t\t\t\t\t\t<li class=\"elementor-icon-list-item\">\n\t\t\t\t\t\t\t\t\t\t\t<span class=\"elementor-icon-list-icon\">\n\t\t\t\t\t\t\t<i aria-hidden=\"true\" class=\"fas fa-check-circle\"><\/i>\t\t\t\t\t\t<\/span>\n\t\t\t\t\t\t\t\t\t\t<span class=\"elementor-icon-list-text\">Ensure compliance with legal and other applicable requirements.<\/span>\n\t\t\t\t\t\t\t\t\t<\/li>\n\t\t\t\t\t\t\t\t<li class=\"elementor-icon-list-item\">\n\t\t\t\t\t\t\t\t\t\t\t<span class=\"elementor-icon-list-icon\">\n\t\t\t\t\t\t\t<i aria-hidden=\"true\" class=\"fas fa-check-circle\"><\/i>\t\t\t\t\t\t<\/span>\n\t\t\t\t\t\t\t\t\t\t<span class=\"elementor-icon-list-text\">Establish solid emergency response plans that may occur in all places where activities are carried out, despite maintaining a Health and Safety Management System with a proactive approach.<\/span>\n\t\t\t\t\t\t\t\t\t<\/li>\n\t\t\t\t\t\t\t\t<li class=\"elementor-icon-list-item\">\n\t\t\t\t\t\t\t\t\t\t\t<span class=\"elementor-icon-list-icon\">\n\t\t\t\t\t\t\t<i aria-hidden=\"true\" class=\"fas fa-check-circle\"><\/i>\t\t\t\t\t\t<\/span>\n\t\t\t\t\t\t\t\t\t\t<span class=\"elementor-icon-list-text\">Select suppliers and contractors that are committed to and meet safety criteria.<\/span>\n\t\t\t\t\t\t\t\t\t<\/li>\n\t\t\t\t\t\t\t\t<li class=\"elementor-icon-list-item\">\n\t\t\t\t\t\t\t\t\t\t\t<span class=\"elementor-icon-list-icon\">\n\t\t\t\t\t\t\t<i aria-hidden=\"true\" class=\"fas fa-check-circle\"><\/i>\t\t\t\t\t\t<\/span>\n\t\t\t\t\t\t\t\t\t\t<span class=\"elementor-icon-list-text\">Promote the active participation of employees.<\/span>\n\t\t\t\t\t\t\t\t\t<\/li>\n\t\t\t\t\t\t\t\t<li class=\"elementor-icon-list-item\">\n\t\t\t\t\t\t\t\t\t\t\t<span class=\"elementor-icon-list-icon\">\n\t\t\t\t\t\t\t<i aria-hidden=\"true\" class=\"fas fa-check-circle\"><\/i>\t\t\t\t\t\t<\/span>\n\t\t\t\t\t\t\t\t\t\t<span class=\"elementor-icon-list-text\">Provide necessary resources and tools to enable safe and healthy working conditions and continuously improve the Health and Safety Management System<\/span>\n\t\t\t\t\t\t\t\t\t<\/li>\n\t\t\t\t\t\t<\/ul>\n\t\t\t\t\t\t<\/div>\n\t\t\t\t<div class=\"elementor-element elementor-element-b90a42c elementor-align-left elementor-widget elementor-widget-button\" data-id=\"b90a42c\" data-element_type=\"widget\" data-e-type=\"widget\" data-widget_type=\"button.default\">\n\t\t\t\t\t\t\t\t\t\t<a class=\"elementor-button elementor-button-link elementor-size-sm\" href=\"https:\/\/investancia.com\/contact\/\">\n\t\t\t\t\t\t<span class=\"elementor-button-content-wrapper\">\n\t\t\t\t\t\t\t\t\t<span class=\"elementor-button-text\">GET IN TOUCH WITH US<\/span>\n\t\t\t\t\t<\/span>\n\t\t\t\t\t<\/a>\n\t\t\t\t\t\t\t\t<\/div>\n\t\t\t\t\t<\/div>\n\t\t<\/div>\n\t\t\t\t\t<\/div>\n\t\t<\/section>\n\t\t\t\t<\/div>\n\t\t","protected":false},"excerpt":{"rendered":"<p>Formamos parte de un grupo empresarial dedicado a la reforestaci\u00f3n y conservaci\u00f3n de bosques nativos que tiene en cuenta la protecci\u00f3n de la salud y seguridad de sus colaboradores. Para ello asumimos los siguientes compromisos: Eliminar o reducir riesgos, con particular \u00e9nfasis a los generados por el contacto con la naturaleza, teniendo en cuenta en [&hellip;]<\/p>\n","protected":false},"author":1,"featured_media":0,"parent":0,"menu_order":0,"comment_status":"closed","ping_status":"closed","template":"elementor_header_footer","meta":{"footnotes":""},"class_list":["post-3338","page","type-page","status-publish","hentry"],"yoast_head":"<!-- This site is optimized with the Yoast SEO plugin v27.4 - https:\/\/yoast.com\/product\/yoast-seo-wordpress\/ -->\n<title>Pol\u00edtica de salud y seguridad en el trabajo - Investancia<\/title>\n<meta name=\"robots\" content=\"index, follow, max-snippet:-1, max-image-preview:large, max-video-preview:-1\" \/>\n<link rel=\"canonical\" href=\"https:\/\/investancia.com\/politica-de-salud-y-seguridad-en-el-trabajo-2\/\" \/>\n<meta property=\"og:locale\" content=\"es_ES\" \/>\n<meta property=\"og:type\" content=\"article\" \/>\n<meta property=\"og:title\" content=\"Pol\u00edtica de salud y seguridad en el trabajo - Investancia\" \/>\n<meta property=\"og:description\" content=\"Formamos parte de un grupo empresarial dedicado a la reforestaci\u00f3n y conservaci\u00f3n de bosques nativos que tiene en cuenta la protecci\u00f3n de la salud y seguridad de sus colaboradores. Para ello asumimos los siguientes compromisos: Eliminar o reducir riesgos, con particular \u00e9nfasis a los generados por el contacto con la naturaleza, teniendo en cuenta en [&hellip;]\" \/>\n<meta property=\"og:url\" content=\"https:\/\/investancia.com\/politica-de-salud-y-seguridad-en-el-trabajo-2\/\" \/>\n<meta property=\"og:site_name\" content=\"Investancia\" \/>\n<meta name=\"twitter:card\" content=\"summary_large_image\" \/>\n<meta name=\"twitter:label1\" content=\"Tiempo de lectura\" \/>\n\t<meta name=\"twitter:data1\" content=\"1 minuto\" \/>\n<!-- \/ Yoast SEO plugin. -->","yoast_head_json":{"title":"Pol\u00edtica de salud y seguridad en el trabajo - Investancia","robots":{"index":"index","follow":"follow","max-snippet":"max-snippet:-1","max-image-preview":"max-image-preview:large","max-video-preview":"max-video-preview:-1"},"canonical":"https:\/\/investancia.com\/politica-de-salud-y-seguridad-en-el-trabajo-2\/","og_locale":"es_ES","og_type":"article","og_title":"Pol\u00edtica de salud y seguridad en el trabajo - Investancia","og_description":"Formamos parte de un grupo empresarial dedicado a la reforestaci\u00f3n y conservaci\u00f3n de bosques nativos que tiene en cuenta la protecci\u00f3n de la salud y seguridad de sus colaboradores. Para ello asumimos los siguientes compromisos: Eliminar o reducir riesgos, con particular \u00e9nfasis a los generados por el contacto con la naturaleza, teniendo en cuenta en [&hellip;]","og_url":"https:\/\/investancia.com\/politica-de-salud-y-seguridad-en-el-trabajo-2\/","og_site_name":"Investancia","twitter_card":"summary_large_image","twitter_misc":{"Tiempo de lectura":"1 minuto"},"schema":{"@context":"https:\/\/schema.org","@graph":[{"@type":"WebPage","@id":"https:\/\/investancia.com\/politica-de-salud-y-seguridad-en-el-trabajo-2\/","url":"https:\/\/investancia.com\/politica-de-salud-y-seguridad-en-el-trabajo-2\/","name":"Pol\u00edtica de salud y seguridad en el trabajo - Investancia","isPartOf":{"@id":"https:\/\/investancia.com\/#website"},"datePublished":"2024-05-21T13:10:27+00:00","breadcrumb":{"@id":"https:\/\/investancia.com\/politica-de-salud-y-seguridad-en-el-trabajo-2\/#breadcrumb"},"inLanguage":"es","potentialAction":[{"@type":"ReadAction","target":["https:\/\/investancia.com\/politica-de-salud-y-seguridad-en-el-trabajo-2\/"]}]},{"@type":"BreadcrumbList","@id":"https:\/\/investancia.com\/politica-de-salud-y-seguridad-en-el-trabajo-2\/#breadcrumb","itemListElement":[{"@type":"ListItem","position":1,"name":"Home","item":"https:\/\/investancia.com\/es\/"},{"@type":"ListItem","position":2,"name":"Pol\u00edtica de salud y seguridad en el trabajo"}]},{"@type":"WebSite","@id":"https:\/\/investancia.com\/#website","url":"https:\/\/investancia.com\/","name":"Investancia","description":"Reforestation Oil for Renewable Diesel","potentialAction":[{"@type":"SearchAction","target":{"@type":"EntryPoint","urlTemplate":"https:\/\/investancia.com\/?s={search_term_string}"},"query-input":{"@type":"PropertyValueSpecification","valueRequired":true,"valueName":"search_term_string"}}],"inLanguage":"es"}]}},"_links":{"self":[{"href":"https:\/\/investancia.com\/es\/wp-json\/wp\/v2\/pages\/3338","targetHints":{"allow":["GET"]}}],"collection":[{"href":"https:\/\/investancia.com\/es\/wp-json\/wp\/v2\/pages"}],"about":[{"href":"https:\/\/investancia.com\/es\/wp-json\/wp\/v2\/types\/page"}],"author":[{"embeddable":true,"href":"https:\/\/investancia.com\/es\/wp-json\/wp\/v2\/users\/1"}],"replies":[{"embeddable":true,"href":"https:\/\/investancia.com\/es\/wp-json\/wp\/v2\/comments?post=3338"}],"version-history":[{"count":0,"href":"https:\/\/investancia.com\/es\/wp-json\/wp\/v2\/pages\/3338\/revisions"}],"wp:attachment":[{"href":"https:\/\/investancia.com\/es\/wp-json\/wp\/v2\/media?parent=3338"}],"curies":[{"name":"wp","href":"https:\/\/api.w.org\/{rel}","templated":true}]}}