{"id":3142,"date":"2024-03-19T19:54:01","date_gmt":"2024-03-19T19:54:01","guid":{"rendered":"https:\/\/investancia.com\/?page_id=3142"},"modified":"2025-01-13T10:09:15","modified_gmt":"2025-01-13T10:09:15","slug":"politica-de-salud-y-seguridad-en-el-trabajo","status":"publish","type":"page","link":"https:\/\/investancia.com\/es\/politica-de-salud-y-seguridad-en-el-trabajo\/","title":{"rendered":"Pol\u00edtica de salud y seguridad en el trabajo"},"content":{"rendered":"\t\t<div data-elementor-type=\"wp-page\" data-elementor-id=\"3142\" class=\"elementor elementor-3142\" data-elementor-post-type=\"page\">\n\t\t\t\t\t\t<section class=\"elementor-section elementor-top-section elementor-element elementor-element-739bf23d elementor-section-height-min-height elementor-section-items-bottom elementor-section-boxed elementor-section-height-default\" data-id=\"739bf23d\" data-element_type=\"section\" data-e-type=\"section\" data-settings=\"{&quot;background_background&quot;:&quot;classic&quot;}\">\n\t\t\t\t\t\t\t<div class=\"elementor-background-overlay\"><\/div>\n\t\t\t\t\t\t\t<div class=\"elementor-container elementor-column-gap-default\">\n\t\t\t\t\t<div class=\"elementor-column elementor-col-100 elementor-top-column elementor-element elementor-element-6ef8c4f3\" data-id=\"6ef8c4f3\" data-element_type=\"column\" data-e-type=\"column\">\n\t\t\t<div class=\"elementor-widget-wrap elementor-element-populated\">\n\t\t\t\t\t\t<div class=\"elementor-element elementor-element-3d9b10a0 elementor-widget__width-inherit elementor-widget elementor-widget-heading\" data-id=\"3d9b10a0\" data-element_type=\"widget\" data-e-type=\"widget\" data-widget_type=\"heading.default\">\n\t\t\t\t\t<h1 class=\"elementor-heading-title elementor-size-default\">Pol\u00edtica de salud y seguridad en el trabajo<\/h1>\t\t\t\t<\/div>\n\t\t\t\t\t<\/div>\n\t\t<\/div>\n\t\t\t\t\t<\/div>\n\t\t<\/section>\n\t\t\t\t<section class=\"elementor-section elementor-top-section elementor-element elementor-element-16210fc6 elementor-section-boxed elementor-section-height-default elementor-section-height-default\" data-id=\"16210fc6\" data-element_type=\"section\" data-e-type=\"section\">\n\t\t\t\t\t\t<div class=\"elementor-container elementor-column-gap-no\">\n\t\t\t\t\t<div class=\"elementor-column elementor-col-100 elementor-top-column elementor-element elementor-element-6a02c91d\" data-id=\"6a02c91d\" data-element_type=\"column\" data-e-type=\"column\">\n\t\t\t<div class=\"elementor-widget-wrap elementor-element-populated\">\n\t\t\t\t\t\t<div class=\"elementor-element elementor-element-2ebe7b2a elementor-widget elementor-widget-heading\" data-id=\"2ebe7b2a\" data-element_type=\"widget\" data-e-type=\"widget\" data-widget_type=\"heading.default\">\n\t\t\t\t\t<h3 class=\"elementor-heading-title elementor-size-default\">Formamos parte de un grupo empresarial dedicado a la reforestaci\u00f3n de \u00e1reas degradadas para el secuestro de carbono y la producci\u00f3n de bio \u2013 prote\u00ednas y aceites, que tiene en cuenta la protecci\u00f3n de la salud y seguridad de sus colaboradores.<\/h3>\t\t\t\t<\/div>\n\t\t\t\t<div class=\"elementor-element elementor-element-6f57d66c elementor-widget elementor-widget-text-editor\" data-id=\"6f57d66c\" data-element_type=\"widget\" data-e-type=\"widget\" data-widget_type=\"text-editor.default\">\n\t\t\t\t\t\t\t\t\t<p>Para ello asumimos los siguientes compromisos:<\/p>\t\t\t\t\t\t\t\t<\/div>\n\t\t\t\t<div class=\"elementor-element elementor-element-42ffb6e9 elementor-icon-list--layout-traditional elementor-list-item-link-full_width elementor-widget elementor-widget-icon-list\" data-id=\"42ffb6e9\" data-element_type=\"widget\" data-e-type=\"widget\" data-widget_type=\"icon-list.default\">\n\t\t\t\t\t\t\t<ul class=\"elementor-icon-list-items\">\n\t\t\t\t\t\t\t<li class=\"elementor-icon-list-item\">\n\t\t\t\t\t\t\t\t\t\t\t<span class=\"elementor-icon-list-icon\">\n\t\t\t\t\t\t\t<i aria-hidden=\"true\" class=\"fas fa-check-circle\"><\/i>\t\t\t\t\t\t<\/span>\n\t\t\t\t\t\t\t\t\t\t<span class=\"elementor-icon-list-text\">Eliminar o reducir riesgos, con particular \u00e9nfasis a los generados por el contacto con la naturaleza, teniendo en cuenta en todo momento la preservaci\u00f3n del medio ambiente.<\/span>\n\t\t\t\t\t\t\t\t\t<\/li>\n\t\t\t\t\t\t\t\t<li class=\"elementor-icon-list-item\">\n\t\t\t\t\t\t\t\t\t\t\t<span class=\"elementor-icon-list-icon\">\n\t\t\t\t\t\t\t<i aria-hidden=\"true\" class=\"fas fa-check-circle\"><\/i>\t\t\t\t\t\t<\/span>\n\t\t\t\t\t\t\t\t\t\t<span class=\"elementor-icon-list-text\">Garantizar el cumplimiento de los requisitos legales y otros requisitos aplicables.<\/span>\n\t\t\t\t\t\t\t\t\t<\/li>\n\t\t\t\t\t\t\t\t<li class=\"elementor-icon-list-item\">\n\t\t\t\t\t\t\t\t\t\t\t<span class=\"elementor-icon-list-icon\">\n\t\t\t\t\t\t\t<i aria-hidden=\"true\" class=\"fas fa-check-circle\"><\/i>\t\t\t\t\t\t<\/span>\n\t\t\t\t\t\t\t\t\t\t<span class=\"elementor-icon-list-text\">Establecer s\u00f3lidos planes de respuesta ante emergencias que puedan presentarse en todos los sitios en donde se desarrollan las actividades, a pesar de mantener un Sistema de Gesti\u00f3n de Salud y Seguridad con enfoque proactivo.<\/span>\n\t\t\t\t\t\t\t\t\t<\/li>\n\t\t\t\t\t\t\t\t<li class=\"elementor-icon-list-item\">\n\t\t\t\t\t\t\t\t\t\t\t<span class=\"elementor-icon-list-icon\">\n\t\t\t\t\t\t\t<i aria-hidden=\"true\" class=\"fas fa-check-circle\"><\/i>\t\t\t\t\t\t<\/span>\n\t\t\t\t\t\t\t\t\t\t<span class=\"elementor-icon-list-text\">Seleccionar proveedores y contratistas que se comprometan y cumplan con los criterios de seguridad.<\/span>\n\t\t\t\t\t\t\t\t\t<\/li>\n\t\t\t\t\t\t\t\t<li class=\"elementor-icon-list-item\">\n\t\t\t\t\t\t\t\t\t\t\t<span class=\"elementor-icon-list-icon\">\n\t\t\t\t\t\t\t<i aria-hidden=\"true\" class=\"fas fa-check-circle\"><\/i>\t\t\t\t\t\t<\/span>\n\t\t\t\t\t\t\t\t\t\t<span class=\"elementor-icon-list-text\">Promover una activa participaci\u00f3n de los colaboradores.<\/span>\n\t\t\t\t\t\t\t\t\t<\/li>\n\t\t\t\t\t\t\t\t<li class=\"elementor-icon-list-item\">\n\t\t\t\t\t\t\t\t\t\t\t<span class=\"elementor-icon-list-icon\">\n\t\t\t\t\t\t\t<i aria-hidden=\"true\" class=\"fas fa-check-circle\"><\/i>\t\t\t\t\t\t<\/span>\n\t\t\t\t\t\t\t\t\t\t<span class=\"elementor-icon-list-text\">Proporcionar recursos y herramientas necesarias que permitan condiciones de trabajo seguras y saludades y mejorar continuamente el Sistema de Gesti\u00f3n de Salud y Seguridad.<\/span>\n\t\t\t\t\t\t\t\t\t<\/li>\n\t\t\t\t\t\t<\/ul>\n\t\t\t\t\t\t<\/div>\n\t\t\t\t<div class=\"elementor-element elementor-element-1123df57 elementor-align-left elementor-widget elementor-widget-button\" data-id=\"1123df57\" data-element_type=\"widget\" data-e-type=\"widget\" data-widget_type=\"button.default\">\n\t\t\t\t\t\t\t\t\t\t<a class=\"elementor-button elementor-button-link elementor-size-sm\" href=\"https:\/\/investancia.com\/es\/contacto\/\">\n\t\t\t\t\t\t<span class=\"elementor-button-content-wrapper\">\n\t\t\t\t\t\t\t\t\t<span class=\"elementor-button-text\">Ponerse en contacto<\/span>\n\t\t\t\t\t<\/span>\n\t\t\t\t\t<\/a>\n\t\t\t\t\t\t\t\t<\/div>\n\t\t\t\t\t<\/div>\n\t\t<\/div>\n\t\t\t\t\t<\/div>\n\t\t<\/section>\n\t\t\t\t<\/div>\n\t\t","protected":false},"excerpt":{"rendered":"<p>Formamos parte de un grupo empresarial dedicado a la reforestaci\u00f3n de \u00e1reas degradadas para el secuestro de carbono y la producci\u00f3n de bio \u2013 prote\u00ednas y aceites, que tiene en cuenta la protecci\u00f3n de la salud y seguridad de sus colaboradores. Para ello asumimos los siguientes compromisos: Eliminar o reducir riesgos, con particular \u00e9nfasis a [&hellip;]<\/p>\n","protected":false},"author":1,"featured_media":0,"parent":0,"menu_order":0,"comment_status":"closed","ping_status":"closed","template":"","meta":{"footnotes":""},"class_list":["post-3142","page","type-page","status-publish","hentry"],"yoast_head":"<!-- This site is optimized with the Yoast SEO plugin v27.5 - https:\/\/yoast.com\/product\/yoast-seo-wordpress\/ -->\n<title>Pol\u00edtica de salud y seguridad en el trabajo - Investancia<\/title>\n<meta name=\"robots\" content=\"index, follow, max-snippet:-1, max-image-preview:large, max-video-preview:-1\" \/>\n<link rel=\"canonical\" href=\"https:\/\/investancia.com\/es\/politica-de-salud-y-seguridad-en-el-trabajo\/\" \/>\n<meta property=\"og:locale\" content=\"es_ES\" \/>\n<meta property=\"og:type\" content=\"article\" \/>\n<meta property=\"og:title\" content=\"Pol\u00edtica de salud y seguridad en el trabajo - Investancia\" \/>\n<meta property=\"og:description\" content=\"Formamos parte de un grupo empresarial dedicado a la reforestaci\u00f3n de \u00e1reas degradadas para el secuestro de carbono y la producci\u00f3n de bio \u2013 prote\u00ednas y aceites, que tiene en cuenta la protecci\u00f3n de la salud y seguridad de sus colaboradores. Para ello asumimos los siguientes compromisos: Eliminar o reducir riesgos, con particular \u00e9nfasis a [&hellip;]\" \/>\n<meta property=\"og:url\" content=\"https:\/\/investancia.com\/es\/politica-de-salud-y-seguridad-en-el-trabajo\/\" \/>\n<meta property=\"og:site_name\" content=\"Investancia\" \/>\n<meta property=\"article:modified_time\" content=\"2025-01-13T10:09:15+00:00\" \/>\n<meta name=\"twitter:card\" content=\"summary_large_image\" \/>\n<!-- \/ Yoast SEO plugin. -->","yoast_head_json":{"title":"Pol\u00edtica de salud y seguridad en el trabajo - Investancia","robots":{"index":"index","follow":"follow","max-snippet":"max-snippet:-1","max-image-preview":"max-image-preview:large","max-video-preview":"max-video-preview:-1"},"canonical":"https:\/\/investancia.com\/es\/politica-de-salud-y-seguridad-en-el-trabajo\/","og_locale":"es_ES","og_type":"article","og_title":"Pol\u00edtica de salud y seguridad en el trabajo - Investancia","og_description":"Formamos parte de un grupo empresarial dedicado a la reforestaci\u00f3n de \u00e1reas degradadas para el secuestro de carbono y la producci\u00f3n de bio \u2013 prote\u00ednas y aceites, que tiene en cuenta la protecci\u00f3n de la salud y seguridad de sus colaboradores. Para ello asumimos los siguientes compromisos: Eliminar o reducir riesgos, con particular \u00e9nfasis a [&hellip;]","og_url":"https:\/\/investancia.com\/es\/politica-de-salud-y-seguridad-en-el-trabajo\/","og_site_name":"Investancia","article_modified_time":"2025-01-13T10:09:15+00:00","twitter_card":"summary_large_image","schema":{"@context":"https:\/\/schema.org","@graph":[{"@type":"WebPage","@id":"https:\/\/investancia.com\/es\/politica-de-salud-y-seguridad-en-el-trabajo\/","url":"https:\/\/investancia.com\/es\/politica-de-salud-y-seguridad-en-el-trabajo\/","name":"Pol\u00edtica de salud y seguridad en el trabajo - Investancia","isPartOf":{"@id":"https:\/\/investancia.com\/#website"},"datePublished":"2024-03-19T19:54:01+00:00","dateModified":"2025-01-13T10:09:15+00:00","breadcrumb":{"@id":"https:\/\/investancia.com\/es\/politica-de-salud-y-seguridad-en-el-trabajo\/#breadcrumb"},"inLanguage":"es","potentialAction":[{"@type":"ReadAction","target":["https:\/\/investancia.com\/es\/politica-de-salud-y-seguridad-en-el-trabajo\/"]}]},{"@type":"BreadcrumbList","@id":"https:\/\/investancia.com\/es\/politica-de-salud-y-seguridad-en-el-trabajo\/#breadcrumb","itemListElement":[{"@type":"ListItem","position":1,"name":"Home","item":"https:\/\/investancia.com\/es\/"},{"@type":"ListItem","position":2,"name":"Pol\u00edtica de salud y seguridad en el trabajo"}]},{"@type":"WebSite","@id":"https:\/\/investancia.com\/#website","url":"https:\/\/investancia.com\/","name":"Investancia","description":"Reforestation Oil for Renewable Diesel","potentialAction":[{"@type":"SearchAction","target":{"@type":"EntryPoint","urlTemplate":"https:\/\/investancia.com\/?s={search_term_string}"},"query-input":{"@type":"PropertyValueSpecification","valueRequired":true,"valueName":"search_term_string"}}],"inLanguage":"es"}]}},"_links":{"self":[{"href":"https:\/\/investancia.com\/es\/wp-json\/wp\/v2\/pages\/3142","targetHints":{"allow":["GET"]}}],"collection":[{"href":"https:\/\/investancia.com\/es\/wp-json\/wp\/v2\/pages"}],"about":[{"href":"https:\/\/investancia.com\/es\/wp-json\/wp\/v2\/types\/page"}],"author":[{"embeddable":true,"href":"https:\/\/investancia.com\/es\/wp-json\/wp\/v2\/users\/1"}],"replies":[{"embeddable":true,"href":"https:\/\/investancia.com\/es\/wp-json\/wp\/v2\/comments?post=3142"}],"version-history":[{"count":10,"href":"https:\/\/investancia.com\/es\/wp-json\/wp\/v2\/pages\/3142\/revisions"}],"predecessor-version":[{"id":3544,"href":"https:\/\/investancia.com\/es\/wp-json\/wp\/v2\/pages\/3142\/revisions\/3544"}],"wp:attachment":[{"href":"https:\/\/investancia.com\/es\/wp-json\/wp\/v2\/media?parent=3142"}],"curies":[{"name":"wp","href":"https:\/\/api.w.org\/{rel}","templated":true}]}}