{"id":2243,"date":"2021-07-22T07:51:20","date_gmt":"2021-07-22T07:51:20","guid":{"rendered":"https:\/\/investancia.com\/legal-disclaimer\/"},"modified":"2021-07-22T14:29:36","modified_gmt":"2021-07-22T14:29:36","slug":"aviso-legal","status":"publish","type":"page","link":"https:\/\/investancia.com\/es\/aviso-legal\/","title":{"rendered":"Aviso Legal"},"content":{"rendered":"\t\t<div data-elementor-type=\"wp-page\" data-elementor-id=\"2243\" class=\"elementor elementor-2243 elementor-1932\" data-elementor-post-type=\"page\">\n\t\t\t\t\t\t<section class=\"elementor-section elementor-top-section elementor-element elementor-element-52e8788a elementor-section-height-min-height elementor-section-items-bottom elementor-section-boxed elementor-section-height-default\" data-id=\"52e8788a\" data-element_type=\"section\" data-e-type=\"section\" data-settings=\"{&quot;background_background&quot;:&quot;classic&quot;}\">\n\t\t\t\t\t\t\t<div class=\"elementor-background-overlay\"><\/div>\n\t\t\t\t\t\t\t<div class=\"elementor-container elementor-column-gap-default\">\n\t\t\t\t\t<div class=\"elementor-column elementor-col-100 elementor-top-column elementor-element elementor-element-4446a993\" data-id=\"4446a993\" data-element_type=\"column\" data-e-type=\"column\">\n\t\t\t<div class=\"elementor-widget-wrap elementor-element-populated\">\n\t\t\t\t\t\t<div class=\"elementor-element elementor-element-75ca61ae elementor-widget elementor-widget-heading\" data-id=\"75ca61ae\" data-element_type=\"widget\" data-e-type=\"widget\" data-widget_type=\"heading.default\">\n\t\t\t\t\t<h1 class=\"elementor-heading-title elementor-size-default\">AVISO LEGAL<\/h1>\t\t\t\t<\/div>\n\t\t\t\t\t<\/div>\n\t\t<\/div>\n\t\t\t\t\t<\/div>\n\t\t<\/section>\n\t\t\t\t<section class=\"elementor-section elementor-top-section elementor-element elementor-element-6f873aa2 elementor-section-boxed elementor-section-height-default elementor-section-height-default\" data-id=\"6f873aa2\" data-element_type=\"section\" data-e-type=\"section\">\n\t\t\t\t\t\t<div class=\"elementor-container elementor-column-gap-default\">\n\t\t\t\t\t<div class=\"elementor-column elementor-col-100 elementor-top-column elementor-element elementor-element-4ca34e1d\" data-id=\"4ca34e1d\" data-element_type=\"column\" data-e-type=\"column\">\n\t\t\t<div class=\"elementor-widget-wrap elementor-element-populated\">\n\t\t\t\t\t\t<div class=\"elementor-element elementor-element-4f7171c8 elementor-widget elementor-widget-text-editor\" data-id=\"4f7171c8\" data-element_type=\"widget\" data-e-type=\"widget\" data-widget_type=\"text-editor.default\">\n\t\t\t\t\t\t\t\t\t<p>Ninguna informaci\u00f3n contenida en este sitio web debe interpretarse como una oferta de venta o una solicitud de oferta de compra de intereses o de asesoramiento en materia de inversi\u00f3n. Dicha oferta o solicitud s\u00f3lo puede realizarse en cumplimiento de la legislaci\u00f3n aplicable. En la medida en que lo permita la ley, Investancia Holding B.V. (\u201cInvestancia\u201d) no hace ninguna declaraci\u00f3n relativa a la idoneidad del contenido de este sitio web para cualquier prop\u00f3sito. Todo el contenido de este sitio web se proporciona \u00abtal cual\u00bb y no se presenta con ninguna garant\u00eda de ning\u00fan tipo. Investancia renuncia por la presente a todas las condiciones y garant\u00edas en relaci\u00f3n con el contenido, incluidas, pero sin limitarse a ellas, todas las condiciones de comerciabilidad y las garant\u00edas impl\u00edcitas, la idoneidad para un prop\u00f3sito o prop\u00f3sitos particulares, la no infracci\u00f3n y la titularidad. En ning\u00fan caso Investancia ser\u00e1 responsable de ning\u00fan da\u00f1o indirecto, especial, consecuente o ejemplar, incluyendo pero no limit\u00e1ndose a la p\u00e9rdida de datos, uso o beneficios, sin tener en cuenta la forma de cualquier acci\u00f3n, incluyendo pero no limit\u00e1ndose a la negligencia u otras acciones tortuosas que surjan de o en conexi\u00f3n con la copia, visualizaci\u00f3n o uso del contenido proporcionado aqu\u00ed.<\/p>\n\t\t\t\t\t\t\t\t<\/div>\n\t\t\t\t\t<\/div>\n\t\t<\/div>\n\t\t\t\t\t<\/div>\n\t\t<\/section>\n\t\t\t\t<\/div>\n\t\t","protected":false},"excerpt":{"rendered":"<p>AVISO LEGAL Ninguna informaci\u00f3n contenida en este sitio web debe interpretarse como una oferta de venta o una solicitud de oferta de compra de intereses o de asesoramiento en materia de inversi\u00f3n. Dicha oferta o solicitud s\u00f3lo puede realizarse en cumplimiento de la legislaci\u00f3n aplicable. En la medida en que lo permita la ley, Investancia [&hellip;]<\/p>\n","protected":false},"author":1,"featured_media":0,"parent":0,"menu_order":0,"comment_status":"closed","ping_status":"closed","template":"","meta":{"footnotes":""},"class_list":["post-2243","page","type-page","status-publish","hentry"],"yoast_head":"<!-- This site is optimized with the Yoast SEO plugin v27.5 - https:\/\/yoast.com\/product\/yoast-seo-wordpress\/ -->\n<title>Aviso Legal - Investancia<\/title>\n<meta name=\"robots\" content=\"index, follow, max-snippet:-1, max-image-preview:large, max-video-preview:-1\" \/>\n<link rel=\"canonical\" href=\"https:\/\/investancia.com\/es\/aviso-legal\/\" \/>\n<meta property=\"og:locale\" content=\"es_ES\" \/>\n<meta property=\"og:type\" content=\"article\" \/>\n<meta property=\"og:title\" content=\"Aviso Legal - Investancia\" \/>\n<meta property=\"og:description\" content=\"AVISO LEGAL Ninguna informaci\u00f3n contenida en este sitio web debe interpretarse como una oferta de venta o una solicitud de oferta de compra de intereses o de asesoramiento en materia de inversi\u00f3n. Dicha oferta o solicitud s\u00f3lo puede realizarse en cumplimiento de la legislaci\u00f3n aplicable. En la medida en que lo permita la ley, Investancia [&hellip;]\" \/>\n<meta property=\"og:url\" content=\"https:\/\/investancia.com\/es\/aviso-legal\/\" \/>\n<meta property=\"og:site_name\" content=\"Investancia\" \/>\n<meta property=\"article:modified_time\" content=\"2021-07-22T14:29:36+00:00\" \/>\n<meta name=\"twitter:card\" content=\"summary_large_image\" \/>\n<meta name=\"twitter:label1\" content=\"Tiempo de lectura\" \/>\n\t<meta name=\"twitter:data1\" content=\"1 minuto\" \/>\n<!-- \/ Yoast SEO plugin. -->","yoast_head_json":{"title":"Aviso Legal - Investancia","robots":{"index":"index","follow":"follow","max-snippet":"max-snippet:-1","max-image-preview":"max-image-preview:large","max-video-preview":"max-video-preview:-1"},"canonical":"https:\/\/investancia.com\/es\/aviso-legal\/","og_locale":"es_ES","og_type":"article","og_title":"Aviso Legal - Investancia","og_description":"AVISO LEGAL Ninguna informaci\u00f3n contenida en este sitio web debe interpretarse como una oferta de venta o una solicitud de oferta de compra de intereses o de asesoramiento en materia de inversi\u00f3n. Dicha oferta o solicitud s\u00f3lo puede realizarse en cumplimiento de la legislaci\u00f3n aplicable. En la medida en que lo permita la ley, Investancia [&hellip;]","og_url":"https:\/\/investancia.com\/es\/aviso-legal\/","og_site_name":"Investancia","article_modified_time":"2021-07-22T14:29:36+00:00","twitter_card":"summary_large_image","twitter_misc":{"Tiempo de lectura":"1 minuto"},"schema":{"@context":"https:\/\/schema.org","@graph":[{"@type":"WebPage","@id":"https:\/\/investancia.com\/es\/aviso-legal\/","url":"https:\/\/investancia.com\/es\/aviso-legal\/","name":"Aviso Legal - Investancia","isPartOf":{"@id":"https:\/\/investancia.com\/#website"},"datePublished":"2021-07-22T07:51:20+00:00","dateModified":"2021-07-22T14:29:36+00:00","breadcrumb":{"@id":"https:\/\/investancia.com\/es\/aviso-legal\/#breadcrumb"},"inLanguage":"es","potentialAction":[{"@type":"ReadAction","target":["https:\/\/investancia.com\/es\/aviso-legal\/"]}]},{"@type":"BreadcrumbList","@id":"https:\/\/investancia.com\/es\/aviso-legal\/#breadcrumb","itemListElement":[{"@type":"ListItem","position":1,"name":"Home","item":"https:\/\/investancia.com\/es\/"},{"@type":"ListItem","position":2,"name":"Aviso Legal"}]},{"@type":"WebSite","@id":"https:\/\/investancia.com\/#website","url":"https:\/\/investancia.com\/","name":"Investancia","description":"Reforestation Oil for Renewable Diesel","potentialAction":[{"@type":"SearchAction","target":{"@type":"EntryPoint","urlTemplate":"https:\/\/investancia.com\/?s={search_term_string}"},"query-input":{"@type":"PropertyValueSpecification","valueRequired":true,"valueName":"search_term_string"}}],"inLanguage":"es"}]}},"_links":{"self":[{"href":"https:\/\/investancia.com\/es\/wp-json\/wp\/v2\/pages\/2243","targetHints":{"allow":["GET"]}}],"collection":[{"href":"https:\/\/investancia.com\/es\/wp-json\/wp\/v2\/pages"}],"about":[{"href":"https:\/\/investancia.com\/es\/wp-json\/wp\/v2\/types\/page"}],"author":[{"embeddable":true,"href":"https:\/\/investancia.com\/es\/wp-json\/wp\/v2\/users\/1"}],"replies":[{"embeddable":true,"href":"https:\/\/investancia.com\/es\/wp-json\/wp\/v2\/comments?post=2243"}],"version-history":[{"count":8,"href":"https:\/\/investancia.com\/es\/wp-json\/wp\/v2\/pages\/2243\/revisions"}],"predecessor-version":[{"id":2283,"href":"https:\/\/investancia.com\/es\/wp-json\/wp\/v2\/pages\/2243\/revisions\/2283"}],"wp:attachment":[{"href":"https:\/\/investancia.com\/es\/wp-json\/wp\/v2\/media?parent=2243"}],"curies":[{"name":"wp","href":"https:\/\/api.w.org\/{rel}","templated":true}]}}